{"id":520891,"date":"2024-12-20T11:25:07","date_gmt":"2024-12-20T10:25:07","guid":{"rendered":"https:\/\/miracasa.es\/content-not-available\/"},"modified":"2026-03-31T13:19:33","modified_gmt":"2026-03-31T11:19:33","slug":"content-not-available","status":"publish","type":"page","link":"https:\/\/miracasa.es\/en\/content-not-available\/","title":{"rendered":"Content not available"},"content":{"rendered":"\t\t<div data-elementor-type=\"wp-page\" data-elementor-id=\"520891\" class=\"elementor elementor-520891 elementor-520826\" data-elementor-post-type=\"page\">\n\t\t\t\t<div class=\"elementor-element elementor-element-b2c064a e-con-full e-flex e-con e-parent\" data-id=\"b2c064a\" data-element_type=\"container\" data-e-type=\"container\" data-settings=\"{&quot;background_background&quot;:&quot;classic&quot;}\">\n\t\t<div class=\"elementor-element elementor-element-0946f1d e-flex e-con-boxed e-con e-child\" data-id=\"0946f1d\" data-element_type=\"container\" data-e-type=\"container\">\n\t\t\t\t\t<div class=\"e-con-inner\">\n\t\t\t\t<div class=\"elementor-element elementor-element-31caf43 elementor-widget elementor-widget-heading\" data-id=\"31caf43\" data-element_type=\"widget\" data-e-type=\"widget\" data-widget_type=\"heading.default\">\n\t\t\t\t<div class=\"elementor-widget-container\">\n\t\t\t\t\t<h2 class=\"elementor-heading-title elementor-size-default\">Content not available<\/h2>\t\t\t\t<\/div>\n\t\t\t\t<\/div>\n\t\t\t\t<div class=\"elementor-element elementor-element-a316f03 elementor-widget elementor-widget-text-editor\" data-id=\"a316f03\" data-element_type=\"widget\" data-e-type=\"widget\" data-widget_type=\"text-editor.default\">\n\t\t\t\t<div class=\"elementor-widget-container\">\n\t\t\t\t\t\t\t\t\t<p>The content you&#8217;re looking for is no longer available, but you may find other interesting listings<\/p>\t\t\t\t\t\t\t\t<\/div>\n\t\t\t\t<\/div>\n\t\t<div class=\"elementor-element elementor-element-de3d01c e-con-full e-flex e-con e-child\" data-id=\"de3d01c\" data-element_type=\"container\" data-e-type=\"container\" data-settings=\"{&quot;background_background&quot;:&quot;classic&quot;}\">\n\t\t\t\t<div class=\"elementor-element elementor-element-2cfe8a5 elementor-button-align-stretch elementor-widget elementor-widget-houzez_elementor_search_builder\" data-id=\"2cfe8a5\" data-element_type=\"widget\" data-e-type=\"widget\" data-widget_type=\"houzez_elementor_search_builder.default\">\n\t\t\t\t<div class=\"elementor-widget-container\">\n\t\t\t\t\t\n        <form class=\"houzez-search-form-js houzez-search-builder-form-js\" id=\"houzez-search-2cfe8a5\" method=\"get\" action=\"https:\/\/miracasa.es\/en\/search-results\/\" >\n\n            \n            <div class=\"houzez-search-builder-wrapper\">\n\n                <div class=\"houzez-ele-search-form-wrapper elementor-form-fields-wrapper elementor-labels-above\">\n\n                                            <div class=\"elementor-field-group elementor-column form-group elementor-field-group-field-cities elementor-col-20\">\n                    <label for=\"form-field-field-cities\" class=\"elementor-field-label elementor-screen-only\">Cities<\/label>        <div class=\"elementor-field elementor-select-wrapper form-group\">\n            <select data-size=\"5\" name=\"location[]\" id=\"form-field-field-cities\" class=\"selectpicker bs-select-hidden houzez-field-textual form-control elementor-size-sm houzezSelectFilter houzezCityFilter houzezThirdList houzez-city-js\" data-none-results-text=\"No results {0}\" data-target=\"houzezFourthList\">\n                <option value=\"\">All cities<\/option><option data-ref=\"boca-de-los-frailes-en\" data-belong=\"almeria-en\" data-subtext=\"Almer\u00eda\" value=\"boca-de-los-frailes-en\">Boca De Los Frailes<\/option><option data-ref=\"felix-en\" data-belong=\"almeria-en\" data-subtext=\"Almer\u00eda\" value=\"felix-en\">Felix<\/option><option data-ref=\"fernanperez-en\" data-belong=\"almeria-en\" data-subtext=\"Almer\u00eda\" value=\"fernanperez-en\">Fernanperez<\/option><option data-ref=\"gador-en\" data-belong=\"almeria-en\" data-subtext=\"Almer\u00eda\" value=\"gador-en\">Gador<\/option><option data-ref=\"nacimiento\" data-belong=\"\" data-subtext=\"\" value=\"nacimiento\">Nacimiento<\/option><option data-ref=\"pozo-de-los-frailes-en\" data-belong=\"almeria-en\" data-subtext=\"Almer\u00eda\" value=\"pozo-de-los-frailes-en\">Pozo De Los Frailes<\/option><option data-ref=\"retamar-en\" data-belong=\"almeria-en\" data-subtext=\"Almer\u00eda\" value=\"retamar-en\">Retamar<\/option>            <\/select>\n        <\/div>\n                            <\/div>\n                                <div class=\"elementor-field-group elementor-column form-group elementor-field-group-field-types elementor-col-20 elementor-sm-50\">\n                    <label for=\"form-field-field-types\" class=\"elementor-field-label elementor-screen-only\">Propety type<\/label>        <div class=\"elementor-field elementor-select-wrapper form-group\">\n            <select multiple=\"multiple\" title=\"All types\" data-selected-text-format=\"count &gt; 1\" data-select-all-text=\"Select All\" data-deselect-all-text=\"Deselect All\" data-actions-box=\"true\" data-count-selected-text=\"{0} types selected\" data-size=\"5\" name=\"type[]\" id=\"form-field-field-types\" class=\"selectpicker bs-select-hidden houzez-field-textual form-control elementor-size-sm \" data-none-results-text=\"No results {0}\">\n                <option data-ref=\"apartment\"   value=\"apartment\">Apartment<\/option><option data-ref=\"car-parking\"   value=\"car-parking\">Car parking<\/option><option data-ref=\"commercial-premises\"   value=\"commercial-premises\">Commercial premises<\/option><option data-ref=\"commercial-warehouse\"   value=\"commercial-warehouse\">Commercial warehouse<\/option><option data-ref=\"country-house-cortijo\"   value=\"country-house-cortijo\">Country House - Cortijo<\/option><option data-ref=\"developable-land\"   value=\"developable-land\">Developable land<\/option><option data-ref=\"duplex-en\"   value=\"duplex-en\">D\u00faplex<\/option><option data-ref=\"flat\"   value=\"flat\">Flat<\/option><option data-ref=\"hotel-en\"   value=\"hotel-en\">Hotel<\/option><option data-ref=\"house-villa\"   value=\"house-villa\">House-Villa<\/option><option data-ref=\"industrial-land\"   value=\"industrial-land\">Industrial land<\/option><option data-ref=\"industrial-warehouse\"   value=\"industrial-warehouse\">Industrial warehouse<\/option><option data-ref=\"loft-en\"   value=\"loft-en\">Loft<\/option><option data-ref=\"office\"   value=\"office\">Office<\/option><option data-ref=\"penthouse\"   value=\"penthouse\">Penthouse<\/option><option data-ref=\"plot\"   value=\"plot\">Plot<\/option><option data-ref=\"residential-building\"   value=\"residential-building\">Residential building<\/option><option data-ref=\"room\"   value=\"room\">Room<\/option><option data-ref=\"rustic-land\"   value=\"rustic-land\">Rustic land<\/option><option data-ref=\"semi-detached-house\"   value=\"semi-detached-house\">Semi-detached house<\/option><option data-ref=\"storage-room\"   value=\"storage-room\">Storage room<\/option><option data-ref=\"studio\"   value=\"studio\">Studio<\/option><option data-ref=\"town-house\"   value=\"town-house\">Town House<\/option><option data-ref=\"unique-building\"   value=\"unique-building\">Unique building<\/option><option data-ref=\"urban-plot\"   value=\"urban-plot\">Urban plot<\/option><option data-ref=\"village-house\"   value=\"village-house\">Village house<\/option>            <\/select>\n        <\/div>\n                            <\/div>\n                                <div class=\"elementor-field-group elementor-column form-group elementor-field-group-field-status elementor-col-20 elementor-sm-50\">\n                    <label for=\"form-field-field-status\" class=\"elementor-field-label elementor-screen-only\">Property Status<\/label>        <div class=\"elementor-field elementor-select-wrapper form-group\">\n            <select multiple=\"multiple\" title=\"all operations\" data-selected-text-format=\"count &gt; 1\" data-select-all-text=\"Select All\" data-deselect-all-text=\"Deselect All\" data-actions-box=\"true\" data-count-selected-text=\"{0} status selected\" data-size=\"5\" name=\"status[]\" id=\"form-field-field-status\" class=\"selectpicker bs-select-hidden houzez-field-textual form-control elementor-size-sm status-js\" data-none-results-text=\"No results {0}\">\n                <option data-ref=\"for-rent\"   value=\"for-rent\">For Rent<\/option><option data-ref=\"for-sale\"   value=\"for-sale\">For Sale<\/option><option data-ref=\"in-transfer\"   value=\"in-transfer\">In transfer<\/option><option data-ref=\"takeover\"   value=\"takeover\">Takeover<\/option>            <\/select>\n        <\/div>\n                            <\/div>\n                                <div class=\"elementor-field-group elementor-column form-group elementor-field-group-field-max-price elementor-col-16 elementor-sm-50\">\n                    <label for=\"form-field-field-max-price\" class=\"elementor-field-label elementor-screen-only\">Max. Price <\/label>        <div class=\"prices-for-all elementor-field elementor-select-wrapper\">\n            <select data-size=\"5\" name=\"max-price\" id=\"form-field-field-max-price\" class=\"selectpicker bs-select-hidden houzez-field-textual form-control elementor-size-sm\">\n                <option value=\"\">Max Price<\/option><option value=\"any\">Any<\/option><option value=\"5000\">5.000\u20ac<\/option><option value=\"10000\">10.000\u20ac<\/option><option value=\"50000\">50.000\u20ac<\/option><option value=\"100000\">100.000\u20ac<\/option><option value=\"200000\">200.000\u20ac<\/option><option value=\"300000\">300.000\u20ac<\/option><option value=\"400000\">400.000\u20ac<\/option><option value=\"500000\">500.000\u20ac<\/option><option value=\"600000\">600.000\u20ac<\/option><option value=\"700000\">700.000\u20ac<\/option><option value=\"800000\">800.000\u20ac<\/option><option value=\"900000\">900.000\u20ac<\/option><option value=\"1000000\">1.000.000\u20ac<\/option><option value=\"1500000\">1.500.000\u20ac<\/option><option value=\"2000000\">2.000.000\u20ac<\/option><option value=\"2500000\">2.500.000\u20ac<\/option><option value=\"5000000\">5.000.000\u20ac<\/option><option value=\"10000000\">10.000.000\u20ac<\/option>\n            <\/select><!-- selectpicker -->\n        <\/div><!-- form-group -->\n\n        <div class=\"hide prices-only-for-rent elementor-field elementor-select-wrapper\">\n            <select data-size=\"5\" name=\"max-price\" id=\"form-field-field-max-price\" class=\"selectpicker bs-select-hidden houzez-field-textual form-control elementor-size-sm\">\n                <option value=\"\">Max Price<\/option><option value=\"any\">Any<\/option><option value=\"1000\">1.000\u20ac<\/option><option value=\"2000\">2.000\u20ac<\/option><option value=\"3000\">3.000\u20ac<\/option><option value=\"4000\">4.000\u20ac<\/option><option value=\"5000\">5.000\u20ac<\/option><option value=\"7500\">7.500\u20ac<\/option><option value=\"10000\">10.000\u20ac<\/option><option value=\"15000\">15.000\u20ac<\/option><option value=\"20000\">20.000\u20ac<\/option><option value=\"25000\">25.000\u20ac<\/option><option value=\"30000\">30.000\u20ac<\/option><option value=\"40000\">40.000\u20ac<\/option><option value=\"50000\">50.000\u20ac<\/option><option value=\"75000\">75.000\u20ac<\/option><option value=\"100000\">100.000\u20ac<\/option><option value=\"150000\">150.000\u20ac<\/option>\n            <\/select><!-- selectpicker -->\n        <\/div><!-- form-group -->\n                            <\/div>\n                                    <div class=\"elementor-field-group elementor-column elementor-field-type-submit elementor-col-16\">\n                                <button type=\"submit\" class=\"houzez-search-button btn-primary elementor-button elementor-size-sm\">\n                                                                            Look for                                                                    <\/button>\n                            <\/div>\n                            \n                <\/div><!-- End main wrapper-->\n\n                            <\/div> <!-- End houzez-search-builder-wrapper -->\n        <\/form>\n\n        \t\t\t\t<\/div>\n\t\t\t\t<\/div>\n\t\t\t\t<\/div>\n\t\t<div class=\"elementor-element elementor-element-cd8f419 e-con-full e-flex e-con e-child\" data-id=\"cd8f419\" data-element_type=\"container\" data-e-type=\"container\">\n\t\t\t\t<div class=\"elementor-element elementor-element-db05a96 elementor-widget elementor-widget-houzez_elementor_grids\" data-id=\"db05a96\" data-element_type=\"widget\" data-e-type=\"widget\" data-widget_type=\"houzez_elementor_grids.default\">\n\t\t\t\t<div class=\"elementor-widget-container\">\n\t\t\t\t\t\t\t<div class=\"taxonomy-grids-module taxonomy-grids-module-v3\">\r\n    \t\t<div class=\"taxonomy-grids-module-grid\">\r\n\t\t\t\t\t\t\t\t\t\t<div class=\"taxonomy-item-square\">\r\n\t\t\t\t\t\t\t<div class=\"taxonomy-item-wrap h-100\">\t\r\n\t\t\t\t\t\t\t\t<div class=\"taxonomy-item houzez-lazy-bg houzez-lazyload\" style=\"background-image: url(https:\/\/miracasa.es\/wp-content\/uploads\/2022\/07\/apartamento.jpg);\">\r\n\t\t\t\t\t\t\t\t\t<a class=\"taxonomy-link hover-effect-flat\" href=\"https:\/\/miracasa.es\/en\/property-type\/apartment\/\">\r\n\t\t\t\t\t\t\t\t\t\t<div class=\"taxonomy-text-wrap d-flex flex-column justify-content-end align-items-start h-100 w-100\">\r\n\t\t\t\t\t\t\t\t\t\t\t<div class=\"taxonomy-title\">Apartment<\/div>\r\n\t\t\t\t\t\t\t\t\t\t\t\t\t\t\t\t\t\t\t\t\t\t\t<div class=\"taxonomy-subtitle\">\r\n\t\t\t\t\t\t\t\t\t\t\t\t\t3\t\t\t\t\t\t\t\t\t\t\t\t\tProperties\t\t\t\t\t\t\t\t\t\t\t\t<\/div>\r\n\t\t\t\t\t\t\t\t\t\t\t\t\t\t\t\t\t\t\t\t\t<\/div><!-- taxonomy-text-wrap -->\r\n\t\t\t\t\t\t\t\t\t<\/a>\r\n\t\t\t\t\t\t\t\t<\/div>\r\n\t\t\t\t\t\t\t<\/div>\r\n\t\t\t\t\t\t<\/div>\r\n\t\t\t\t\t\t\t\t\t\t\t\t<div class=\"taxonomy-item-square\">\r\n\t\t\t\t\t\t\t<div class=\"taxonomy-item-wrap h-100\">\t\r\n\t\t\t\t\t\t\t\t<div class=\"taxonomy-item houzez-lazy-bg houzez-lazyload\" style=\"background-image: url(https:\/\/miracasa.es\/wp-content\/uploads\/2022\/07\/casa-cortijo.jpg);\">\r\n\t\t\t\t\t\t\t\t\t<a class=\"taxonomy-link hover-effect-flat\" href=\"https:\/\/miracasa.es\/en\/property-type\/country-house-cortijo\/\">\r\n\t\t\t\t\t\t\t\t\t\t<div class=\"taxonomy-text-wrap d-flex flex-column justify-content-end align-items-start h-100 w-100\">\r\n\t\t\t\t\t\t\t\t\t\t\t<div class=\"taxonomy-title\">Country House - Cortijo<\/div>\r\n\t\t\t\t\t\t\t\t\t\t\t\t\t\t\t\t\t\t\t\t\t\t\t<div class=\"taxonomy-subtitle\">\r\n\t\t\t\t\t\t\t\t\t\t\t\t\t2\t\t\t\t\t\t\t\t\t\t\t\t\tProperties\t\t\t\t\t\t\t\t\t\t\t\t<\/div>\r\n\t\t\t\t\t\t\t\t\t\t\t\t\t\t\t\t\t\t\t\t\t<\/div><!-- taxonomy-text-wrap -->\r\n\t\t\t\t\t\t\t\t\t<\/a>\r\n\t\t\t\t\t\t\t\t<\/div>\r\n\t\t\t\t\t\t\t<\/div>\r\n\t\t\t\t\t\t<\/div>\r\n\t\t\t\t\t\t\t\t\t<\/div>\r\n\t\t<\/div>\r\n\t\t\t\t\t\t<\/div>\n\t\t\t\t<\/div>\n\t\t\t\t<\/div>\n\t\t\t\t\t<\/div>\n\t\t\t\t<\/div>\n\t\t\t\t<\/div>\n\t\t\t\t<\/div>\n\t\t","protected":false},"excerpt":{"rendered":"<p>The content you&#8217;re looking for is no longer available, but you may find other interesting listings Cities All citiesAblaAbrucenaAguadulceAguamargaAlboloduyAlhabiaAlhama de AlmeriaAlmer\u00edaAlmerimarBalanegraBalermaBenahaduxBerjaBoca De Los FrailesCabo De Gata, ElCampohermosoCanj\u00e1yarCarbonerasCogollos de GuadixCuevas del AlmanzoraEjido, ElEl Alqui\u00e1nEl SolanilloFelixFernanperezFi\u00f1anaGadorGangosa, LaG\u00e9rgalGranadaHuecijaHuenejaHuercal &#8211; OveraHu\u00e9rcal de Almer\u00edaInstincionLa Ca\u00f1adaLarolesMoj\u00e1carMojonera, LaNacimientoNijarPalomaresParador, ElPechinaPozo De Los FrailesRetamarRiojaRoquetas de Mar &#8211; El ParadorSan joseSanta Fe de MondujarSanta Maria [&hellip;]<\/p>\n","protected":false},"author":1,"featured_media":0,"parent":0,"menu_order":999,"comment_status":"closed","ping_status":"closed","template":"elementor_header_footer","meta":{"footnotes":""},"class_list":["post-520891","page","type-page","status-publish","hentry"],"aioseo_notices":[],"_links":{"self":[{"href":"https:\/\/miracasa.es\/en\/wp-json\/wp\/v2\/pages\/520891","targetHints":{"allow":["GET"]}}],"collection":[{"href":"https:\/\/miracasa.es\/en\/wp-json\/wp\/v2\/pages"}],"about":[{"href":"https:\/\/miracasa.es\/en\/wp-json\/wp\/v2\/types\/page"}],"author":[{"embeddable":true,"href":"https:\/\/miracasa.es\/en\/wp-json\/wp\/v2\/users\/1"}],"replies":[{"embeddable":true,"href":"https:\/\/miracasa.es\/en\/wp-json\/wp\/v2\/comments?post=520891"}],"version-history":[{"count":3,"href":"https:\/\/miracasa.es\/en\/wp-json\/wp\/v2\/pages\/520891\/revisions"}],"predecessor-version":[{"id":537614,"href":"https:\/\/miracasa.es\/en\/wp-json\/wp\/v2\/pages\/520891\/revisions\/537614"}],"wp:attachment":[{"href":"https:\/\/miracasa.es\/en\/wp-json\/wp\/v2\/media?parent=520891"}],"curies":[{"name":"wp","href":"https:\/\/api.w.org\/{rel}","templated":true}]}}