{"id":20575,"date":"2022-05-02T17:58:10","date_gmt":"2022-05-02T15:58:10","guid":{"rendered":"https:\/\/miracasa.es\/legal-advice\/"},"modified":"2022-10-17T19:39:22","modified_gmt":"2022-10-17T17:39:22","slug":"legal-advice","status":"publish","type":"page","link":"https:\/\/miracasa.es\/en\/legal-advice\/","title":{"rendered":"Legal advice"},"content":{"rendered":"\t\t<div data-elementor-type=\"wp-page\" data-elementor-id=\"20575\" class=\"elementor elementor-20575 elementor-16937\" data-elementor-post-type=\"page\">\n\t\t\t\t\t\t<section class=\"elementor-section elementor-top-section elementor-element elementor-element-d6f330d elementor-section-boxed elementor-section-height-default elementor-section-height-default\" data-id=\"d6f330d\" data-element_type=\"section\" data-e-type=\"section\">\n\t\t\t\t\t\t<div class=\"elementor-container elementor-column-gap-default\">\n\t\t\t\t\t<div class=\"elementor-column elementor-col-100 elementor-top-column elementor-element elementor-element-ee6e57d\" data-id=\"ee6e57d\" data-element_type=\"column\" data-e-type=\"column\">\n\t\t\t<div class=\"elementor-widget-wrap elementor-element-populated\">\n\t\t\t\t\t\t<div class=\"elementor-element elementor-element-fda64f8 elementor-widget elementor-widget-heading\" data-id=\"fda64f8\" data-element_type=\"widget\" data-e-type=\"widget\" data-widget_type=\"heading.default\">\n\t\t\t\t<div class=\"elementor-widget-container\">\n\t\t\t\t\t<h2 class=\"elementor-heading-title elementor-size-default\">Legal advice<\/h2>\t\t\t\t<\/div>\n\t\t\t\t<\/div>\n\t\t\t\t<div class=\"elementor-element elementor-element-730349a elementor-widget elementor-widget-text-editor\" data-id=\"730349a\" data-element_type=\"widget\" data-e-type=\"widget\" data-widget_type=\"text-editor.default\">\n\t\t\t\t<div class=\"elementor-widget-container\">\n\t\t\t\t\t\t\t\t\t<div class=\"paragraph\">\n<p><strong>GENERAL DATA<\/strong><br \/>In accordance with article 10 of Spanish Law 34\/2002, of July 11, on Services of the Information Society and Electronic Commerce, we make the following data available to you:<\/p>\n<p>Company name:<br \/><strong>MANUEL JES\u00daS L\u00d3PEZ BA\u00d1OS IS OWNER OF GRUPO MIRAALMERIA (MIRA CASA)<\/strong><br \/>Tax identification number:<br \/><strong>27516076A<\/strong><br \/>Registered office:<br \/><strong>CRIPT\u00d3N, 13, 04120, ALMER\u00cdA<\/strong><br \/>Email:<br \/><a href=\"mailto:hola@grupomiraalmeria.es\">hola@grupomiraalmeria.es <\/a><br \/>Telephone:<br \/><strong><a href=\"tel:620932235\">620 93 22 35  <\/a><\/strong><\/p>\n<p>This website has been created by <strong>GRUPO MIRAALMERIA<\/strong> for informational purposes and for the personal use of users. Through this Legal Notice, it is intended to regulate the access and use of this website, as well as the relationship between the website and its users. By accessing this website, the following terms and conditions are accepted: Access to this website is the exclusive responsibility of the users.  <\/p>\n<p>The simple access to this website does not imply any type of commercial relationship between <strong>GRUPO MIRAALMERIA<\/strong> and the user.<br \/>Access and navigation on this website implies acceptance and knowledge of the legal warnings, conditions and terms of use contained therein. The owner of the website can offer services or products that may be subject to their own particular conditions that, depending on the case, replace, complete and\/or modify these conditions, and about which the user will be informed in each specific case.  <\/p>\n<p><strong>PRIVACY POLICY<\/strong><br \/>In compliance with the provisions of Organic Law 15\/1999, of December 13, on the Protection of Personal Data (LOPD), the user is informed that all the data provided to us will be incorporated into a file, created and maintained under the responsibility of the <strong>GRUPO MIRAALMERIA<\/strong>.<\/p>\n<p>The confidentiality of your personal data will always be respected and will only be used for the purpose of managing the services offered, attending to the requests you make, performing administrative tasks, as well as sending technical, commercial or advertising information by ordinary or electronic means. .<\/p>\n<p>To <strong>exercise your rights of opposition, rectification or cancellation<\/strong> you must go to the headquarters of the company in <strong>CRIPT\u00d3N, 13, 04120, ALMER\u00cdA<\/strong>, or write to the following email <a href=\"mailto:hola@grupomiraalmeria.es\">hola@grupomiraalmeria<\/a>.es or call us at <strong><a href=\"tel:620932235\">620 93 22 35<\/a>.<\/strong><\/p>\n<p><strong>TERMS OF USE<\/strong><br \/>The conditions of access and use of this website are governed by current legislation and by the principle of good faith, the user committing himself to make good use of the website. Conduct that goes against the law, the rights or interests of third parties is not allowed. <\/p>\n<p>Ser usuario de esta web implica que reconoce haber le\u00eddo y aceptado las presentes condiciones y lo que las extienda la normativa legal aplicable en esta materia. Si por el motivo que fuere no est\u00e1 de acuerdo con estas condiciones no contin\u00fae utilizando esta web. <\/p>\n<p>Any type of notification and \/ or claim will only be valid by written notification and \/ or certified mail.<\/p>\n<p><strong>RESPONSIBILITIES<\/strong><br \/><strong>GRUPO MIRAALMERIA<\/strong> is not responsible for the information and content stored in forums, social networks or any other means that allows third parties to publish content independently on the provider&#8217;s website.<\/p>\n<p>However, taking into account art. 11 and 16 of the LSSI-CE, <strong>GRUPO MIRAALMERIA<\/strong>undertakes to withdraw or, where appropriate, block those contents that could affect or contravene national or international legislation, rights of third parties or morality and public order.<\/p>\n<p>Nor will the company be held responsible for any damages caused by failures or misconfigurations of the software installed on the Internet user&#8217;s computer. Any responsibility for any technical incident or failure that occurs when the user connects to the internet is excluded. Likewise, the absence of interruptions or errors in accessing the website is not guaranteed.  <\/p>\n<p>Likewise, <strong>GRUPO MIRAALMERIA<\/strong> reserves the right to update, modify or delete the information contained on its website, as well as its configuration or presentation, at any time, without assuming any responsibility for it.<\/p>\n<p><strong>INTELLECTUAL AND INDUSTRIAL PROPERTY<\/strong><br \/><strong>GRUPO MIRAALMERIA <\/strong>is the owner of all the rights to the software of the digital publication, as well as the industrial and intellectual property rights referring to the contents that are included, with the exception of the rights to products and services of a public nature that are not the property of this business.<\/p>\n<p>No material published on this website may be reproduced, copied or published without the written consent of <strong>GRUPO MIRAALMERIA.<\/strong><\/p>\n<p>All information received on the web, such as comments, suggestions or ideas, will be considered transferred to <strong>GRUPO MIRAALMERIA <\/strong>free of charge. No information should be sent that cannot be treated in this way. <\/p>\n<p>All products and services on these pages that are NOT owned by GRUPO MIRAALMERIA are registered trademarks of their respective owners and are recognized as such by our company. They only appear on the website of <strong>GRUPO MIRAALMERIA<\/strong> for the purposes of promotion and information collection. These owners may request the modification or deletion of the information that belongs to them.  <\/p>\n<p><strong>APPLICABLE LAW AND JURISDICTION<\/strong><br \/>These general conditions are governed by Spanish law. For any litigation that may arise related to the website or the activity that takes place therein, the <strong>Courts of Almer\u00eda<\/strong> will be competent, the user expressly renouncing any other jurisdiction that may correspond to him. <\/p>\n<\/div>\n\t\t\t\t\t\t\t\t<\/div>\n\t\t\t\t<\/div>\n\t\t\t\t\t<\/div>\n\t\t<\/div>\n\t\t\t\t\t<\/div>\n\t\t<\/section>\n\t\t\t\t<\/div>\n\t\t","protected":false},"excerpt":{"rendered":"<p>GENERAL DATAIn accordance with article 10 of Spanish Law 34\/2002, of July 11, on Services of the Information Society and Electronic Commerce, we make the following data available to you: Company name:MANUEL JES\u00daS L\u00d3PEZ BA\u00d1OS IS OWNER OF GRUPO MIRAALMERIA (MIRA CASA)Tax identification number:27516076ARegistered office:CRIPT\u00d3N, 13, 04120, ALMER\u00cdAEmail:hola@grupomiraalmeria.es Telephone:620 93 22 35 This website has [&hellip;]<\/p>\n","protected":false},"author":1,"featured_media":0,"parent":0,"menu_order":90,"comment_status":"closed","ping_status":"closed","template":"elementor_header_footer","meta":{"footnotes":""},"class_list":["post-20575","page","type-page","status-publish","hentry"],"aioseo_notices":[],"_links":{"self":[{"href":"https:\/\/miracasa.es\/en\/wp-json\/wp\/v2\/pages\/20575","targetHints":{"allow":["GET"]}}],"collection":[{"href":"https:\/\/miracasa.es\/en\/wp-json\/wp\/v2\/pages"}],"about":[{"href":"https:\/\/miracasa.es\/en\/wp-json\/wp\/v2\/types\/page"}],"author":[{"embeddable":true,"href":"https:\/\/miracasa.es\/en\/wp-json\/wp\/v2\/users\/1"}],"replies":[{"embeddable":true,"href":"https:\/\/miracasa.es\/en\/wp-json\/wp\/v2\/comments?post=20575"}],"version-history":[{"count":0,"href":"https:\/\/miracasa.es\/en\/wp-json\/wp\/v2\/pages\/20575\/revisions"}],"wp:attachment":[{"href":"https:\/\/miracasa.es\/en\/wp-json\/wp\/v2\/media?parent=20575"}],"curies":[{"name":"wp","href":"https:\/\/api.w.org\/{rel}","templated":true}]}}